{"id":16,"date":"2021-10-13T19:55:48","date_gmt":"2021-10-13T19:55:48","guid":{"rendered":"https:\/\/www.dewe-immo.de\/?page_id=16"},"modified":"2021-10-20T13:41:29","modified_gmt":"2021-10-20T11:41:29","slug":"immobilien","status":"publish","type":"page","link":"https:\/\/www.dewe-immo.de\/?page_id=16","title":{"rendered":"Immobilien"},"content":{"rendered":"<p><section class=\"kc-elm kc-css-680668 kc_row\"><div class=\"kc-row-container  kc-container\"><div class=\"kc-wrap-columns\"><div class=\"kc-elm kc-css-406355 kc_col-sm-12 kc_column kc_col-sm-12\"><div class=\"kc-col-container\">\n<div class=\"kc-elm kc-css-187264 kc-title-wrap \">\n\n\t<h2 class=\"kc_title\">Immobilien<\/h2>\n<\/div>\n<\/div><\/div><\/div><\/div><\/section><section class=\"kc-elm kc-css-264477 kc_row\"><div class=\"kc-row-container  kc-container\"><div class=\"kc-wrap-columns\"><div class=\"kc-elm kc-css-283597 kc_col-sm-6 kc_column kc_col-sm-6\"><div class=\"kc-col-container\"><div class=\"kc-elm kc-css-123144 kc_shortcode kc_single_image\">\n\n        <img decoding=\"async\" src=\"https:\/\/www.dewe-immo.de\/wp-content\/uploads\/2021\/10\/Bild1.jpg\" class=\"\" alt=\"\" \/>    <\/div>\n<\/div><\/div><div class=\"kc-elm kc-css-165024 kc_col-sm-6 kc_column kc_col-sm-6\"><div class=\"kc-col-container\"><div class=\"kc-elm kc-css-11603 kc_text_block\"><\/p>\n<p>Wenn es um Immobilien geht, sind wir Ihr kompetenter Ansprechpartner mit dem realen Blick f\u00fcr Ihre Vorstellungen und W\u00fcnsche.<\/p>\n<p>Eigent\u00fcmern bieten wir ein gro\u00dfes Leistungsspektrum, angefangen von marktgerechter Bewertung Ihrer Bestandsimmobilie, \u00fcber Beh\u00f6rdeng\u00e4nge f\u00fcr Baupl\u00e4ne, Grundbuchausz\u00fcge etc., umfassende, mit Ihnen abgestimmte Vermarktungsma\u00dfnahmen, Bonit\u00e4tspr\u00fcfung von Kaufinteressenten bis zur rechtssicheren \u00dcbergabe nach Verkauf. Dabei unterst\u00fctzen wir Sie sowohl bei Grundst\u00fccksverk\u00e4ufen, beim Verkauf Ihrer Eigentumswohnung, dem Verkauf Ihres Wohnhauses oder Wohnanlage mit mehreren WE bis hin zum Verkauf von Gewerbeimmobilien.<\/p>\n<p>\n<\/div><\/div><\/div><\/div><\/div><\/section><section class=\"kc-elm kc-css-618346 kc_row\"><div class=\"kc-row-container  kc-container\"><div class=\"kc-wrap-columns\"><div class=\"kc-elm kc-css-423849 kc_col-sm-12 kc_column kc_col-sm-12\"><div class=\"kc-col-container\"><div class=\"kc-elm kc-css-653903 kc_text_block\"><\/p>\n<p>Bei der Suche nach einer Immobilie, ob Grundst\u00fcck f\u00fcr den Bau Ihres neuen Traumhauses, ob Eigentumswohnung in perfekter Lage, Gr\u00f6\u00dfe, Ausstattung und Anbindung, ob Gewerbeimmobilie oder Investmentimmobilie im In- und Ausland, m\u00f6chten wir Sie gern mit unseren Erfahrungen und M\u00f6glichkeiten unterst\u00fctzen.<\/p>\n<p>Bei all Ihren W\u00fcnschen rund um Ihre Immobilie m\u00f6chten wir Ihnen auch unseren Service der Projektfinanzierung sowie unsere Leistungen als Bautr\u00e4ger gern zur Verf\u00fcgung stellen. Somit w\u00e4re Ihr ganz pers\u00f6nlicher Projektwunsch \u2013 vom Entdecken Ihrer Immobilie bis zur Projekt\u00fcbergabe an Sie -\u201eaus einer Hand\u201c realisierbar.<\/p>\n<p>\n<\/div><\/div><\/div><\/div><\/div><\/section><\/p>\n","protected":false},"excerpt":{"rendered":"","protected":false},"author":1,"featured_media":0,"parent":0,"menu_order":0,"comment_status":"closed","ping_status":"closed","template":"","meta":{"footnotes":""},"class_list":["post-16","page","type-page","status-publish"],"_links":{"self":[{"href":"https:\/\/www.dewe-immo.de\/index.php?rest_route=\/wp\/v2\/pages\/16","targetHints":{"allow":["GET"]}}],"collection":[{"href":"https:\/\/www.dewe-immo.de\/index.php?rest_route=\/wp\/v2\/pages"}],"about":[{"href":"https:\/\/www.dewe-immo.de\/index.php?rest_route=\/wp\/v2\/types\/page"}],"author":[{"embeddable":true,"href":"https:\/\/www.dewe-immo.de\/index.php?rest_route=\/wp\/v2\/users\/1"}],"replies":[{"embeddable":true,"href":"https:\/\/www.dewe-immo.de\/index.php?rest_route=%2Fwp%2Fv2%2Fcomments&post=16"}],"version-history":[{"count":13,"href":"https:\/\/www.dewe-immo.de\/index.php?rest_route=\/wp\/v2\/pages\/16\/revisions"}],"predecessor-version":[{"id":289,"href":"https:\/\/www.dewe-immo.de\/index.php?rest_route=\/wp\/v2\/pages\/16\/revisions\/289"}],"wp:attachment":[{"href":"https:\/\/www.dewe-immo.de\/index.php?rest_route=%2Fwp%2Fv2%2Fmedia&parent=16"}],"curies":[{"name":"wp","href":"https:\/\/api.w.org\/{rel}","templated":true}]}}