{"id":17,"date":"2021-10-13T19:55:48","date_gmt":"2021-10-13T19:55:48","guid":{"rendered":"https:\/\/www.dewe-immo.de\/?page_id=17"},"modified":"2024-03-06T19:11:09","modified_gmt":"2024-03-06T17:11:09","slug":"finanzierung","status":"publish","type":"page","link":"https:\/\/www.dewe-immo.de\/?page_id=17","title":{"rendered":"Finanzierung"},"content":{"rendered":"<p><section class=\"kc-elm kc-css-241311 kc_row\"><div class=\"kc-row-container  kc-container\"><div class=\"kc-wrap-columns\"><div class=\"kc-elm kc-css-943356 kc_col-sm-12 kc_column kc_col-sm-12\"><div class=\"kc-col-container\">\n<div class=\"kc-elm kc-css-14145 kc-title-wrap \">\n\n\t<h2 class=\"kc_title\">Finanzierung<\/h2>\n<\/div>\n<\/div><\/div><\/div><\/div><\/section><section class=\"kc-elm kc-css-404278 kc_row\"><div class=\"kc-row-container  kc-container\"><div class=\"kc-wrap-columns\"><div class=\"kc-elm kc-css-525666 kc_col-sm-12 kc_column kc_col-sm-12\"><div class=\"kc-col-container\"><div class=\"kc-elm kc-css-260642 kc_text_block\"><\/p>\n<p style=\"background: white; margin: 0cm 0cm 18.0pt 0cm;\"><span style=\"font-size: 13.0pt; font-family: 'Segoe UI',sans-serif; color: #222222;\">Wir unterst\u00fctzen Sie immer bei der Suche nach einer, f\u00fcr Sie zugeschnittenen Finanzierung f\u00fcr unsere Kaufobjekte durch unsere deutschlandweit vertretenen Finanzierungspartner.<\/span><\/p>\n<p>\n<\/div><\/div><\/div><\/div><\/div><\/section><section class=\"kc-elm kc-css-802233 kc_row\"><div class=\"kc-row-container  kc-container\"><div class=\"kc-wrap-columns\"><div class=\"kc-elm kc-css-553368 kc_col-sm-6 kc_column kc_col-sm-6\"><div class=\"kc-col-container\"><div class=\"kc-elm kc-css-856444 kc_text_block\"><\/p>\n<p style=\"background: white; margin: 0cm 0cm 18.0pt 0cm;\"><span style=\"font-size: 13.0pt; font-family: 'Segoe UI',sans-serif; color: #222222;\">Ob <b>Kauf- oder Neubaufinanzierung, ob Anschlussfinanzierung oder Umschuldung<\/b> -durch die Anbindung an mehr als 350 Kreditinstituten findet unser Finanzierungspartner den genau passenden Bankpartner f\u00fcr Ihr Wunschobjekt. Ein <b>Finanzierungszertifikat<\/b> hilft Ihnen und uns, die Objektanbieter zu \u00fcberzeugen.<\/span><\/p>\n<p style=\"background: white; margin: 0cm 0cm 18.0pt 0cm;\"><span style=\"font-size: 13.0pt; font-family: 'Segoe UI',sans-serif; color: #222222;\">Eine pers\u00f6nliche und individuelle Beratung, die Ihre W\u00fcnsche und M\u00f6glichkeiten vorab ber\u00fccksichtigt ist f\u00fcr uns dabei selbstverst\u00e4ndlich.<\/span><\/p>\n<p style=\"background: white; margin: 0cm 0cm 18.0pt 0cm;\"><span style=\"font-size: 13.0pt; font-family: 'Segoe UI',sans-serif; color: #222222;\">Sie nutzen zudem die Vorteile einer reibungslosen Koordinierung zwischen uns als Maklerbetrieb, den Finanzierungsexperten und der jeweiligen Bank, um schnell Eigent\u00fcmer zu werden.<\/span><\/p>\n<p style=\"background: white; margin: 0cm 0cm 18.0pt 0cm;\"><b><span style=\"font-size: 13.0pt; font-family: 'Segoe UI',sans-serif; color: #222222;\">Eine L\u00f6sung \u00fcber alle Partner, also alles \u201eHand in Hand\u201c.<\/span><\/b><\/p>\n<p>\n<\/div><\/div><\/div><div class=\"kc-elm kc-css-496725 kc_col-sm-6 kc_column kc_col-sm-6\"><div class=\"kc-col-container\"><div class=\"kc-elm kc-css-212654 kc_shortcode kc_single_image\">\n\n        <a  href=\"https:\/\/www.baufiexperten24.de\/uwe-j-reimann\/\" title=\"\" target=\"_blank\">\n        <img decoding=\"async\" src=\"https:\/\/www.dewe-immo.de\/wp-content\/uploads\/2024\/03\/baufiExperten24.png\" class=\"\" alt=\"BaufiExperten24\" \/>    <\/a>\n    <\/div>\n<\/div><\/div><\/div><\/div><\/section><\/p>\n","protected":false},"excerpt":{"rendered":"","protected":false},"author":1,"featured_media":0,"parent":0,"menu_order":0,"comment_status":"closed","ping_status":"closed","template":"","meta":{"footnotes":""},"class_list":["post-17","page","type-page","status-publish"],"_links":{"self":[{"href":"https:\/\/www.dewe-immo.de\/index.php?rest_route=\/wp\/v2\/pages\/17","targetHints":{"allow":["GET"]}}],"collection":[{"href":"https:\/\/www.dewe-immo.de\/index.php?rest_route=\/wp\/v2\/pages"}],"about":[{"href":"https:\/\/www.dewe-immo.de\/index.php?rest_route=\/wp\/v2\/types\/page"}],"author":[{"embeddable":true,"href":"https:\/\/www.dewe-immo.de\/index.php?rest_route=\/wp\/v2\/users\/1"}],"replies":[{"embeddable":true,"href":"https:\/\/www.dewe-immo.de\/index.php?rest_route=%2Fwp%2Fv2%2Fcomments&post=17"}],"version-history":[{"count":10,"href":"https:\/\/www.dewe-immo.de\/index.php?rest_route=\/wp\/v2\/pages\/17\/revisions"}],"predecessor-version":[{"id":318,"href":"https:\/\/www.dewe-immo.de\/index.php?rest_route=\/wp\/v2\/pages\/17\/revisions\/318"}],"wp:attachment":[{"href":"https:\/\/www.dewe-immo.de\/index.php?rest_route=%2Fwp%2Fv2%2Fmedia&parent=17"}],"curies":[{"name":"wp","href":"https:\/\/api.w.org\/{rel}","templated":true}]}}