{"id":177,"date":"2021-10-14T11:18:21","date_gmt":"2021-10-14T09:18:21","guid":{"rendered":"https:\/\/www.dewe-immo.de\/?page_id=177"},"modified":"2025-02-04T17:20:50","modified_gmt":"2025-02-04T15:20:50","slug":"bautraeger","status":"publish","type":"page","link":"https:\/\/www.dewe-immo.de\/?page_id=177","title":{"rendered":"Bautr\u00e4ger"},"content":{"rendered":"<p><section class=\"kc-elm kc-css-190243 kc_row\"><div class=\"kc-row-container  kc-container\"><div class=\"kc-wrap-columns\"><div class=\"kc-elm kc-css-884626 kc_col-sm-12 kc_column kc_col-sm-12\"><div class=\"kc-col-container\">\n<div class=\"kc-elm kc-css-613559 kc-title-wrap \">\n\n\t<h2 class=\"kc_title\">Bautr\u00e4ger<\/h2>\n<\/div>\n<div class=\"kc-elm kc-css-350883 kc_text_block\"><\/p>\n<p>Wir sind Ihr Bautr\u00e4ger f\u00fcr Neu- und Umbauvorhaben.<\/p>\n<p>Profitieren Sie von unserem Komplettservice als Bautr\u00e4ger. Entsprechend Ihren W\u00fcnschen planen wir Ihre Neubau- oder Umbauma\u00dfnahmen, beauftragen und koordinieren unsere qualit\u00e4tsgepr\u00fcften, verantwortungsvollen Baufachbetriebe, Generalunternehmer sowie Planungs- und Ingenieurb\u00fcros mit der Durchf\u00fchrung der Bauleistungen und organisieren alle notwendigen Genehmigungen des Vorhabens.<\/p>\n<p>Ob Eigentumswohnung, Ein- oder Mehrfamilienhaus, Reihenhaus oder Wohnsiedlung, gemischt genutzte Immobilie oder Gewerbeimmobilie, als Neubau oder Umbau oder auch im Bereich von Sanierungskonzepten \u2013 als Ihr Bautr\u00e4ger mit seinen Partnerunternehmen ist unser Portfolio sehr umfangreich.<\/p>\n<p>Als Ihr Bautr\u00e4ger orientieren wir uns nicht nur vor \u2013 sondern auch w\u00e4hrend des Projektes an Ihren W\u00fcnschen und Vorstellungen sowie unseren hohen Qualit\u00e4tsanspr\u00fcchen, nicht zuletzt unter Ber\u00fccksichtigung unserer, auf Nachhaltigkeit ausgerichteten Philosophie.<\/p>\n<p>\n<\/div><\/div><\/div><\/div><\/div><\/section><section class=\"kc-elm kc-css-647969 kc_row\"><div class=\"kc-row-container  kc-container\"><div class=\"kc-wrap-columns\"><div class=\"kc-elm kc-css-60829 kc_col-sm-4 kc_column kc_col-sm-4\"><div class=\"kc-col-container\"><div class=\"kc-elm kc-css-411464 kc_shortcode kc_single_image\">\n\n        <img decoding=\"async\" src=\"https:\/\/www.dewe-immo.de\/wp-content\/uploads\/2025\/02\/Haus-5-Sanierung-Dachstuhl.jpg\" class=\"\" alt=\"\" \/>    <\/div>\n<\/div><\/div><div class=\"kc-elm kc-css-98135 kc_col-sm-4 kc_column kc_col-sm-4\"><div class=\"kc-col-container\"><div class=\"kc-elm kc-css-731170 kc_shortcode kc_single_image\">\n\n        <img decoding=\"async\" src=\"https:\/\/www.dewe-immo.de\/wp-content\/uploads\/2025\/02\/Haus-9-Vorderansicht.jpg\" class=\"\" alt=\"\" \/>    <\/div>\n<\/div><\/div><div class=\"kc-elm kc-css-33349 kc_col-sm-4 kc_column kc_col-sm-4\"><div class=\"kc-col-container\"><div class=\"kc-elm kc-css-766152 kc_shortcode kc_single_image\">\n\n        <img decoding=\"async\" src=\"https:\/\/www.dewe-immo.de\/wp-content\/uploads\/2025\/02\/Haus-3-4-und-5-Rueckansicht.jpg\" class=\"\" alt=\"\" \/>    <\/div>\n<\/div><\/div><\/div><\/div><\/section><section class=\"kc-elm kc-css-635461 kc_row\"><div class=\"kc-row-container  kc-container\"><div class=\"kc-wrap-columns\"><div class=\"kc-elm kc-css-155111 kc_col-sm-4 kc_column kc_col-sm-4\"><div class=\"kc-col-container\"><div class=\"kc-elm kc-css-489225 kc_shortcode kc_single_image\">\n\n        <img decoding=\"async\" src=\"https:\/\/www.dewe-immo.de\/wp-content\/uploads\/2025\/02\/Haus-1-WE-DG-WZ-3.jpg\" class=\"\" alt=\"\" \/>    <\/div>\n<\/div><\/div><div class=\"kc-elm kc-css-575674 kc_col-sm-4 kc_column kc_col-sm-4\"><div class=\"kc-col-container\"><div class=\"kc-elm kc-css-866120 kc_shortcode kc_single_image\">\n\n        <img decoding=\"async\" src=\"https:\/\/www.dewe-immo.de\/wp-content\/uploads\/2025\/02\/Haus-1-WE-DG-WZ-2.jpg\" class=\"\" alt=\"\" \/>    <\/div>\n<\/div><\/div><div class=\"kc-elm kc-css-428115 kc_col-sm-4 kc_column kc_col-sm-4\"><div class=\"kc-col-container\"><div class=\"kc-elm kc-css-860430 kc_shortcode kc_single_image\">\n\n        <img decoding=\"async\" src=\"https:\/\/www.dewe-immo.de\/wp-content\/uploads\/2025\/02\/Neubau-Einfahrt-Wohnpark.jpg\" class=\"\" alt=\"\" \/>    <\/div>\n<\/div><\/div><\/div><\/div><\/section><\/p>\n","protected":false},"excerpt":{"rendered":"","protected":false},"author":1,"featured_media":0,"parent":0,"menu_order":0,"comment_status":"closed","ping_status":"closed","template":"","meta":{"footnotes":""},"class_list":["post-177","page","type-page","status-publish"],"_links":{"self":[{"href":"https:\/\/www.dewe-immo.de\/index.php?rest_route=\/wp\/v2\/pages\/177","targetHints":{"allow":["GET"]}}],"collection":[{"href":"https:\/\/www.dewe-immo.de\/index.php?rest_route=\/wp\/v2\/pages"}],"about":[{"href":"https:\/\/www.dewe-immo.de\/index.php?rest_route=\/wp\/v2\/types\/page"}],"author":[{"embeddable":true,"href":"https:\/\/www.dewe-immo.de\/index.php?rest_route=\/wp\/v2\/users\/1"}],"replies":[{"embeddable":true,"href":"https:\/\/www.dewe-immo.de\/index.php?rest_route=%2Fwp%2Fv2%2Fcomments&post=177"}],"version-history":[{"count":40,"href":"https:\/\/www.dewe-immo.de\/index.php?rest_route=\/wp\/v2\/pages\/177\/revisions"}],"predecessor-version":[{"id":371,"href":"https:\/\/www.dewe-immo.de\/index.php?rest_route=\/wp\/v2\/pages\/177\/revisions\/371"}],"wp:attachment":[{"href":"https:\/\/www.dewe-immo.de\/index.php?rest_route=%2Fwp%2Fv2%2Fmedia&parent=177"}],"curies":[{"name":"wp","href":"https:\/\/api.w.org\/{rel}","templated":true}]}}