{"id":19,"date":"2021-10-13T19:55:48","date_gmt":"2021-10-13T19:55:48","guid":{"rendered":"https:\/\/www.dewe-immo.de\/?page_id=19"},"modified":"2024-03-07T00:43:42","modified_gmt":"2024-03-06T22:43:42","slug":"impressum","status":"publish","type":"page","link":"https:\/\/www.dewe-immo.de\/?page_id=19","title":{"rendered":"Impressum"},"content":{"rendered":"<p><section class=\"kc-elm kc-css-627722 kc_row\"><div class=\"kc-row-container  kc-container\"><div class=\"kc-wrap-columns\"><div class=\"kc-elm kc-css-932654 kc_col-sm-12 kc_column kc_col-sm-12\"><div class=\"kc-col-container\">\n<div class=\"kc-elm kc-css-960655 kc-title-wrap \">\n\n\t<h1 class=\"kc_title\">IMPRESSUM<\/h1>\n<\/div>\n<\/div><\/div><\/div><\/div><\/section><section class=\"kc-elm kc-css-135892 kc_row\"><div class=\"kc-row-container  kc-container\"><div class=\"kc-wrap-columns\"><div class=\"kc-elm kc-css-139421 kc_col-sm-6 kc_column kc_col-sm-6\"><div class=\"kc-col-container\"><div class=\"kc-elm kc-css-841499 kc_text_block\"><\/p>\n<p>DeWe Immobilien- und Finanzgesellschaft mbH<br \/>Hermann-Weyl-Stra\u00dfe 6<br \/>14469 Potsdam<\/p>\n<p>Telefon (0331) 28 12 78 68 &#8211; 0<br \/>E-Mail info@dewe-immo.de<\/p>\n<p>Gesch\u00e4ftsf\u00fchrerin Kerstin Hammer<\/p>\n<p>Amtsgericht Potsdam HRB 35859P<\/p>\n<p>\n<\/div><\/div><\/div><div class=\"kc-elm kc-css-131120 kc_col-sm-6 kc_column kc_col-sm-6\"><div class=\"kc-col-container\"><div class=\"kc-elm kc-css-524624 kc_shortcode kc_single_image\">\n\n        <img decoding=\"async\" src=\"https:\/\/www.dewe-immo.de\/wp-content\/uploads\/2021\/10\/impressum.png\" class=\"\" alt=\"\" \/>    <\/div>\n<\/div><\/div><\/div><\/div><\/section><section class=\"kc-elm kc-css-852007 kc_row\"><div class=\"kc-row-container  kc-container\"><div class=\"kc-wrap-columns\"><div class=\"kc-elm kc-css-415025 kc_col-sm-12 kc_column kc_col-sm-12\"><div class=\"kc-col-container\"><div class=\"kc-elm kc-css-147083 kc_text_block\"><\/p>\n<p><strong>Copyright<\/strong><br \/>S\u00e4mtliche Texte, Photos und Inhalte auf den einzelnen Seiten, sowie die Gestaltung und Programmierung der jeweiligen Inhalte sind urheberrechtlich gesch\u00fctzt. Copyright \u00a9 DeWe Immobilien- und Finanzgesellschaft mbH, Herrmann-Weyl-Stra\u00dfe 6, 14469 Potsdam. Alle Rechte vorbehalten.<\/p>\n<p><strong>Datenschutz<\/strong><br \/>Zur Wahrung Ihrer Privatsph\u00e4re ist die Nutzung unseres Online-Angebotes grunds\u00e4tzlich ohne Angabe gesch\u00e4ftlicher, pers\u00f6nlicher und privater Daten m\u00f6glich. Wenn innerhalb des Internetangebotes die M\u00f6glichkeit zur Eingabe<br \/>pers\u00f6nlicher und gesch\u00e4ftlicher Daten (e-mail Adressen, Namen, Anschriften besteht, so erfolgt die Preisgabe dieser Daten seitens des Nutzers auf ausdr\u00fccklich freiwilliger Basis. Sofern Sie innerhalb unserer Website Daten angegeben haben, werden diese selbstverst\u00e4ndlich vertraulich behandelt und nicht an Dritte weitergegeben oder vermarktet.<\/p>\n<p><strong>Haftungsausschluss<\/strong><br \/>Die DeWe Immobilien- und Finanzgesellschaft mbH \u00fcbernimmt keinerlei Haftung f\u00fcr die Aktualit\u00e4t, Vollst\u00e4ndigkeit, Richtigkeit und Lauff\u00e4higkeit der bereitgestellten Informationen. Alle Angebote sind freibleibend und unverbindlich.<br \/>Wir behalten es uns ausdr\u00fccklich vor, Teile der Seiten oder das gesamte Angebot ohne gesonderte Ank\u00fcndigung zu ver\u00e4ndern, zu erg\u00e4nzen, zu l\u00f6schen oder diese Ver\u00f6ffentlichung zeitweise oder endg\u00fcltig einzustellen. Auf unseren<br \/>Seiten befinden sich Verweise (\u201cLinks&#8220;) die zu anderen Websites f\u00fchren. Da wir nicht immer Einfluss auf Inhalt und Gestaltung der gelinkten Seiten haben, distanzieren wir uns ausdr\u00fccklich von deren Inhalt. Diese Erkl\u00e4rung gilt f\u00fcr<br \/>alle auf unserer Website ausgebrachten Links und f\u00fcr alle Inhalte, zu denen Links oder Banner f\u00fchren.<\/p>\n<p><strong>Disclaimer<\/strong><br \/><em>Haftung f\u00fcr Inhalte<\/em><br \/>Die Inhalte unserer Seiten wurden mit gr\u00f6\u00dfter Sorgfalt erstellt. F\u00fcr die Richtigkeit, Vollst\u00e4ndigkeit und Aktualit\u00e4t k\u00f6nne wir jedoch keine Gew\u00e4hr \u00fcbernehmen.<br \/>Als Dienstleister sind wir gem\u00e4\u00df \u00a7 7 Abs. 1 TMG f\u00fcr eigene Inhalte auf diese Seiten nach den allgemeinen Gesetzen verantwortlich. Nach \u00a7\u00a7 8 bis 10 TMG sind wir als Dienstanbieter jedoch nicht verpflichtet, \u00fcbermittelte oder<br \/>gespeicherte fremde Informationen zu \u00fcberwachen oder nach Umst\u00e4nden zu forschen, die auf eine rechtswidrige T\u00e4tigkeit hinweisen. Verpflichtungen zur Entfernung oder Sperrung der Nutzung von Informationen nach den allgemeinen Gesetzen bleiben hiervon unber\u00fchrt. Eine diesbez\u00fcgliche Haftung ist jedoch erst ab dem Zeitpunkt der Kenntnis einer konkreten Rechtsverletzung m\u00f6glich. Bei bekannt werden von entsprechenden Rechtsverletzungen werden wir diese Inhalte umgehend entfernen.<\/p>\n<p><strong>Haftung f\u00fcr Links<\/strong><br \/>Unser Angebot enth\u00e4lt Links zu externen Webseiten Dritter, auf deren Inhalte wir keinen Einfluss haben.<br \/>Deshalb k\u00f6nnen wir f\u00fcr diese fremden Inhalte auch keine Gew\u00e4hr \u00fcbernehmen. F\u00fcr die Inhalte der verlinkten Seiten ist stets der jeweilige Anbieter oder Betreiber der Seiten verantwortlich. Die verlinkten Seiten wurden<br \/>zum Zeitpunkt der Verlinkung auf m\u00f6gliche Rechtsverst\u00f6\u00dfe \u00fcberpr\u00fcft. Rechtswidrige Inhalte waren zum Zeitpunkt der Verlinkung nicht erkennbar. Eine permanente inhaltliche Kontrolle der verlinkten Seiten ist jedoch ohne konkrete<br \/>Anhaltspunkte einer Rechtsverletzung nicht zumutbar. Bei bekannt werden von Rechtsverletzungen werden wir derartige Links umgehend entfernen.<\/p>\n<p><strong>Urheberrecht<\/strong><br \/>Die durch die Seitenbetreiber erstellten Inhalte und Werke auf diesen Seiten unterliegen dem deutschen Urheberrecht.<br \/>Beitr\u00e4ge Dritter sind als solche gekennzeichnet. Die Vervielf\u00e4ltigung, Bearbeitung, Verbreitung und jede Art der Verwertung au\u00dferhalb der Grenzen des Urheberrechtes bed\u00fcrfen der schriftlichen Zustimmung des jeweiligen Autors bzw.<br \/>Erstellers. Downloads und Kopien dieser Seite sind nur f\u00fcr den privaten, nicht kommerziellen Gebrauch gestattet. Die Betreiber der Seiten sind bem\u00fcht, stets die Urheberrechte anderer zu beachten bzw. auf selbst erstellte sowie<br \/>lizenzfreie Werke zur\u00fcckzugreifen.<\/p>\n<p>\n<\/div><\/div><\/div><\/div><\/div><\/section><\/p>\n","protected":false},"excerpt":{"rendered":"","protected":false},"author":1,"featured_media":0,"parent":0,"menu_order":0,"comment_status":"closed","ping_status":"closed","template":"","meta":{"footnotes":""},"class_list":["post-19","page","type-page","status-publish"],"_links":{"self":[{"href":"https:\/\/www.dewe-immo.de\/index.php?rest_route=\/wp\/v2\/pages\/19","targetHints":{"allow":["GET"]}}],"collection":[{"href":"https:\/\/www.dewe-immo.de\/index.php?rest_route=\/wp\/v2\/pages"}],"about":[{"href":"https:\/\/www.dewe-immo.de\/index.php?rest_route=\/wp\/v2\/types\/page"}],"author":[{"embeddable":true,"href":"https:\/\/www.dewe-immo.de\/index.php?rest_route=\/wp\/v2\/users\/1"}],"replies":[{"embeddable":true,"href":"https:\/\/www.dewe-immo.de\/index.php?rest_route=%2Fwp%2Fv2%2Fcomments&post=19"}],"version-history":[{"count":9,"href":"https:\/\/www.dewe-immo.de\/index.php?rest_route=\/wp\/v2\/pages\/19\/revisions"}],"predecessor-version":[{"id":323,"href":"https:\/\/www.dewe-immo.de\/index.php?rest_route=\/wp\/v2\/pages\/19\/revisions\/323"}],"wp:attachment":[{"href":"https:\/\/www.dewe-immo.de\/index.php?rest_route=%2Fwp%2Fv2%2Fmedia&parent=19"}],"curies":[{"name":"wp","href":"https:\/\/api.w.org\/{rel}","templated":true}]}}