{"id":2,"date":"2021-10-13T15:34:22","date_gmt":"2021-10-13T15:34:22","guid":{"rendered":"https:\/\/www.dewe-immo.de\/?page_id=2"},"modified":"2025-02-04T15:55:21","modified_gmt":"2025-02-04T13:55:21","slug":"sample-page","status":"publish","type":"page","link":"https:\/\/www.dewe-immo.de\/","title":{"rendered":"Startseite"},"content":{"rendered":"<p><section class=\"kc-elm kc-css-519799 kc_row\"><div class=\"kc-row-container  kc-container\"><div class=\"kc-wrap-columns\"><div class=\"kc-elm kc-css-603211 kc_col-sm-12 kc_column kc_col-sm-12\"><div class=\"kc-col-container\">\n<div class=\"kc-elm kc-css-188925 kc-title-wrap \">\n\n\t<h1 class=\"kc_title\">Miete oder Eigentum?<\/h1>\n<\/div>\n<\/div><\/div><\/div><\/div><\/section><section class=\"kc-elm kc-css-849867 kc_row\"><div class=\"kc-row-container  kc-container\"><div class=\"kc-wrap-columns\"><div class=\"kc-elm kc-css-394750 kc_col-sm-7 kc_column kc_col-sm-7\"><div class=\"kc-col-container\"><div class=\"kc-elm kc-css-278524 kc_text_block\"><\/p>\n<p>Gr\u00fcnde eine Immobilie zu kaufen gibt es gen\u00fcgend.\u00a0Ob zur Steigerung der eigenen Lebensqualit\u00e4t, als Kapitalanlage oder als Teil der Altersvorsorge.\u00a0<\/p>\n<p>Profitieren Sie bei einer Baufinanzierung von jahrelangen Erfahrungen und der Kompetenz unserer Finanzierungspartner.<\/p>\n<p>Sie interessieren sich f\u00fcr den Verkauf Ihrer Immobilie, den Kauf eines Baugrundst\u00fccks, eventuell verbunden mit dem richtigen Bautr\u00e4ger an Ihrer Seite und m\u00f6chten gleichzeitig interessante Finanzierungsm\u00f6glichkeiten nutzen?<\/p>\n<p>Unser Ziel ist es, Sie bei Ihren Pl\u00e4nen und W\u00fcnschen rund um das Thema Immobilie, Finanzierung, Planung und Umsetzung\u00a0 zu unterst\u00fctzen.<\/p>\n<p>\n<\/div><\/div><\/div><div class=\"kc-elm kc-css-458498 kc_col-sm-5 kc_column kc_col-sm-5\"><div class=\"kc-col-container\"><div class=\"kc-elm kc-css-195875 kc-animated kc-animate-eff-fadeInRight kc_shortcode kc_single_image\">\n\n        <img decoding=\"async\" src=\"https:\/\/www.dewe-immo.de\/wp-content\/uploads\/2021\/10\/Modernes-Haus-kubischer-Baukoerper.jpg\" class=\"\" alt=\"\" \/>    <\/div>\n<\/div><\/div><\/div><\/div><\/section><section data-kc-fullwidth=\"row\" class=\"kc-elm kc-css-428797 kc_row\"><div class=\"kc-row-container  kc-container\"><div class=\"kc-wrap-columns\"><div class=\"kc-elm kc-css-361171 kc_col-sm-12 kc_column kc_col-sm-12\"><div class=\"kc-col-container\"><div class=\"kc-image-gallery kc-elm kc-css-971665\">\n<div class=\"kc_image_gallery kc-carousel-image kc-grid \" data-image_masonry=\"yes\">\n<div class=\"item-grid grid-3\"><img decoding=\"async\" src=\"https:\/\/www.dewe-immo.de\/wp-content\/uploads\/2021\/10\/Einfamilienhaus-im-Bauhausstil.jpg\" alt=\"\"\/><\/div><div class=\"item-grid grid-3\"><img decoding=\"async\" src=\"https:\/\/www.dewe-immo.de\/wp-content\/uploads\/2021\/10\/Modernes-Haus-mit-Flachdach-1.jpg\" alt=\"\"\/><\/div><div class=\"item-grid grid-3\"><img decoding=\"async\" src=\"https:\/\/www.dewe-immo.de\/wp-content\/uploads\/2021\/10\/Einfamilienhaus-Ueberdachter-Eingangsbereich.jpg\" alt=\"\"\/><\/div><\/div>\n<\/div><\/div><\/div><\/div><\/div><\/section><section class=\"kc-elm kc-css-868307 kc_row\"><div class=\"kc-row-container  kc-container\"><div class=\"kc-wrap-columns\"><div class=\"kc-elm kc-css-362157 kc_col-sm-6 kc_column kc_col-sm-6\"><div class=\"kc-col-container\"><div class=\"kc-elm kc-css-144284 kc_shortcode kc_single_image\">\n\n        <a rel=\"prettyPhoto\" class=\"kc-pretty-photo\" href=\"https:\/\/www.dewe-immo.de\/wp-content\/uploads\/2021\/10\/Modernes-Einfamilienhaus-Grundriss-Erdgeschoss-1.jpg\" title=\"\" target=\"\">\n        <img decoding=\"async\" src=\"https:\/\/www.dewe-immo.de\/wp-content\/uploads\/2021\/10\/Modernes-Einfamilienhaus-Grundriss-Erdgeschoss-1.jpg\" class=\"\" alt=\"\" \/>    <\/a>\n    <\/div>\n<\/div><\/div><div class=\"kc-elm kc-css-852242 kc_col-sm-6 kc_column kc_col-sm-6\"><div class=\"kc-col-container\"><div class=\"kc-elm kc-css-38651 kc_shortcode kc_single_image\">\n\n        <a rel=\"prettyPhoto\" class=\"kc-pretty-photo\" href=\"https:\/\/www.dewe-immo.de\/wp-content\/uploads\/2021\/10\/Modernes-Einfamilienhaus-Grundriss-Obergeschoss-1.jpg\" title=\"\" target=\"\">\n        <img decoding=\"async\" src=\"https:\/\/www.dewe-immo.de\/wp-content\/uploads\/2021\/10\/Modernes-Einfamilienhaus-Grundriss-Obergeschoss-1.jpg\" class=\"\" alt=\"\" \/>    <\/a>\n    <\/div>\n<\/div><\/div><\/div><\/div><\/section><\/p>\n","protected":false},"excerpt":{"rendered":"","protected":false},"author":1,"featured_media":0,"parent":0,"menu_order":0,"comment_status":"closed","ping_status":"closed","template":"","meta":{"footnotes":""},"class_list":["post-2","page","type-page","status-publish"],"_links":{"self":[{"href":"https:\/\/www.dewe-immo.de\/index.php?rest_route=\/wp\/v2\/pages\/2","targetHints":{"allow":["GET"]}}],"collection":[{"href":"https:\/\/www.dewe-immo.de\/index.php?rest_route=\/wp\/v2\/pages"}],"about":[{"href":"https:\/\/www.dewe-immo.de\/index.php?rest_route=\/wp\/v2\/types\/page"}],"author":[{"embeddable":true,"href":"https:\/\/www.dewe-immo.de\/index.php?rest_route=\/wp\/v2\/users\/1"}],"replies":[{"embeddable":true,"href":"https:\/\/www.dewe-immo.de\/index.php?rest_route=%2Fwp%2Fv2%2Fcomments&post=2"}],"version-history":[{"count":89,"href":"https:\/\/www.dewe-immo.de\/index.php?rest_route=\/wp\/v2\/pages\/2\/revisions"}],"predecessor-version":[{"id":328,"href":"https:\/\/www.dewe-immo.de\/index.php?rest_route=\/wp\/v2\/pages\/2\/revisions\/328"}],"wp:attachment":[{"href":"https:\/\/www.dewe-immo.de\/index.php?rest_route=%2Fwp%2Fv2%2Fmedia&parent=2"}],"curies":[{"name":"wp","href":"https:\/\/api.w.org\/{rel}","templated":true}]}}