{"id":233,"date":"2021-10-20T12:17:58","date_gmt":"2021-10-20T10:17:58","guid":{"rendered":"https:\/\/www.dewe-immo.de\/?page_id=233"},"modified":"2024-03-06T19:17:03","modified_gmt":"2024-03-06T17:17:03","slug":"ueber-uns","status":"publish","type":"page","link":"https:\/\/www.dewe-immo.de\/?page_id=233","title":{"rendered":"\u00dcber uns"},"content":{"rendered":"<section class=\"kc-elm kc-css-821832 kc_row\"><div class=\"kc-row-container  kc-container\"><div class=\"kc-wrap-columns\"><div class=\"kc-elm kc-css-704610 kc_col-sm-12 kc_column kc_col-sm-12\"><div class=\"kc-col-container\">\n<div class=\"kc-elm kc-css-425435 kc-title-wrap \">\n\n\t<h2 class=\"kc_title\">\u00dcber uns<\/h2>\n<\/div>\n<div class=\"kc-elm kc-css-104227 kc_text_block\"><\/p>\n<p>Seit dem 05.10.2021 f\u00fchren wir unser Unternehmen in der Rechtsform einer GmbH, der DeWe Immobilien- und Finanzgesellschaft mbH, eingetragen nun im Handelsregister Potsdam unter HRB 35859P fort.<\/p>\n<p>Der An- und Verkauf von Immobilien aber auch die \u00dcbernahme von Bauauftr\u00e4gen als Generalunternehmer sind nun unsere Hauptaufgaben. Zugeschnittene Finanzierungsm\u00f6glichkeiten f\u00fcr unsere Kunden, auch f\u00fcr umfangreiche Projekte organisieren wir nat\u00fcrlich gern weiter \u00fcber unsere Finanzierungspartner \u2013 weiterhin \u201ealles aus einer Hand\u201c.<\/p>\n<p>Zum 01.04.2018 ist unser Unternehmen innerhalb der Stadt Potsdam umgezogen. Unser Sitz befindet sich seitdem in der Herrmann-Weyl-Str. 6 in 14469 Potsdam. Der Unternehmenszweck wurde gleichfalls erweitert.<\/p>\n<p>Am 17.07.2015 begann unsere unternehmerische Geschichte mit der Gr\u00fcndung des Einzelunternehmen Kerstin Hammer in der Bertha-von-Suttner-Str. 19, in 14469 Potsdam. Kernaufgaben wurden zun\u00e4chst die Koordinierung und Leitung von Generalauftr\u00e4gen im Baugewerk.<\/p>\n<p>\n<\/div><\/div><\/div><\/div><\/div><\/section>\n","protected":false},"excerpt":{"rendered":"","protected":false},"author":1,"featured_media":0,"parent":0,"menu_order":0,"comment_status":"closed","ping_status":"closed","template":"","meta":{"footnotes":""},"class_list":["post-233","page","type-page","status-publish"],"_links":{"self":[{"href":"https:\/\/www.dewe-immo.de\/index.php?rest_route=\/wp\/v2\/pages\/233","targetHints":{"allow":["GET"]}}],"collection":[{"href":"https:\/\/www.dewe-immo.de\/index.php?rest_route=\/wp\/v2\/pages"}],"about":[{"href":"https:\/\/www.dewe-immo.de\/index.php?rest_route=\/wp\/v2\/types\/page"}],"author":[{"embeddable":true,"href":"https:\/\/www.dewe-immo.de\/index.php?rest_route=\/wp\/v2\/users\/1"}],"replies":[{"embeddable":true,"href":"https:\/\/www.dewe-immo.de\/index.php?rest_route=%2Fwp%2Fv2%2Fcomments&post=233"}],"version-history":[{"count":4,"href":"https:\/\/www.dewe-immo.de\/index.php?rest_route=\/wp\/v2\/pages\/233\/revisions"}],"predecessor-version":[{"id":322,"href":"https:\/\/www.dewe-immo.de\/index.php?rest_route=\/wp\/v2\/pages\/233\/revisions\/322"}],"wp:attachment":[{"href":"https:\/\/www.dewe-immo.de\/index.php?rest_route=%2Fwp%2Fv2%2Fmedia&parent=233"}],"curies":[{"name":"wp","href":"https:\/\/api.w.org\/{rel}","templated":true}]}}